{"id":795,"date":"2018-05-18T11:41:43","date_gmt":"2018-05-18T09:41:43","guid":{"rendered":"https:\/\/themedemo.commercegurus.com\/shoptimizer\/?page_id=795"},"modified":"2021-01-07T14:26:02","modified_gmt":"2021-01-07T13:26:02","slug":"polityka-prywatnosci-rodo","status":"publish","type":"page","link":"https:\/\/www.oszomega.pl\/sklep\/polityka-prywatnosci-rodo\/","title":{"rendered":"Polityka prywatno\u015bci i RODO"},"content":{"rendered":"\n<p>Szanowni Pa\u0144stwo,<br>Pragniemy poinformowa\u0107, \u017ce od 25 maja 2018r.ma zastosowanie Rozporz\u0105dzenie Parlamentu Europejskiego i Rady Bezpiecze\u0144stwa (UE) 2016\/679 z dnia 27 kwietnia 2016 w sprawie ochrony os\u00f3b fizycznych w zwi\u0105zku z przetwarzaniem danych osobowych i w sprawie swobodnego przep\u0142ywu takich danych oraz uchylenie Dyrektywy 95\/46 WE (og\u00f3lne rozporz\u0105dzenie o ochronie danych)<\/p>\n\n\n\n<p>Klauzula informacyjna RODO<\/p>\n\n\n\n<ol><li>Administratorem Pa\u0144stwa danych osobowych jest O\u015brodek Szkolenia Zawodowego OMEGA s.c. z siedzib\u0105 w Zabrzu przy ul. \u015awi\u0119tego Urbana 5 lok. C reprezentowany przez Aleksandr\u0119 Dro\u017cd\u017cowicz i Damiana Cie\u015blar<\/li><li>Informujemy Pa\u0144stwa, \u017ce dane osobowe s\u0105 przetwarzane w celach zwi\u0105zanych z:<\/li><\/ol>\n\n\n\n<p>\u2013 rejestracj\u0105<\/p>\n\n\n\n<p>\u2013 zg\u0142oszeniem do kursu\/szkolenia<\/p>\n\n\n\n<p>\u2013 prowadzeniem zgodnie z Rozporz\u0105dzeniem Ministra Edukacji Narodowej z dnia 18 sierpnia 2017 w sprawie kszta\u0142cenia ustawicznego w formach pozaszkolnych Dz. U. z 2017 r. poz. 1632 dokumentacji szkoleniowej w postaci dziennik\u00f3w zaj\u0119\u0107, rejestr\u00f3w oraz ewidencji wydanych za\u015bwiadcze\u0144.<\/p>\n\n\n\n<p>\u2013 przetwarzaniem w celu umo\u017cliwienia \u015bwiadczenia us\u0142ug drog\u0105 elektroniczn\u0105 oraz korzystania ze strony www.oszomega.pl celem uzupe\u0142nienia formularza kontaktowego\/ zg\u0142oszeniowego.<\/p>\n\n\n\n<ol start=\"3\"><li>Podanie danych osobowych jest dobrowolne ale niezb\u0119dne w celach o\u015bwiatowych wynikaj\u0105cych z powy\u017cszego rozporz\u0105dzenia.<\/li><li>Nie wykorzystujemy danych osobowych w celach innych, ni\u017c przewidziane przepisami prawa<\/li><li>Dane osobowe b\u0119d\u0105 przechowywane do czasu realizacji kursu\/szkolenia , dochodzenia ewentualnych roszcze\u0144, prowadzenia dokumentacji szkoleniowej, a po tym czasie zostan\u0105 zarchiwizowane, a nast\u0119pnie usuni\u0119te.<\/li><li>Podane dane osobowe b\u0119d\u0105 przetwarzane na podstawie art. 6 ust.1 pkt b) oraz c) oraz zgodnie z tre\u015bci\u0105 rozporz\u0105dzenia o ochronie danych osobowych.<\/li><li>Posiadaj\u0105 Pa\u0144stwo prawo dost\u0119pu do tre\u015bci dotycz\u0105cych swoich danych osobowych oraz prawo ich sprostowania, usuni\u0119cia, ograniczenia przetwarzania, prawo do przenoszenia danych, prawo wniesienia sprzeciwu, prawo do cofni\u0119cia zgody w dowolnym momencie bez wp\u0142ywu na zgodno\u015b\u0107 z prawem przetwarzania, kt\u00f3rego dokonano na podstawie zgody przed jej cofni\u0119ciem.<\/li><li>Pa\u0144stwa dane osobowe nie b\u0119d\u0105 przekazywane osobom trzecim bez pisemnej Pa\u0144stwa zgody.<\/li><li>Pa\u0144stwa dane osobowe nie b\u0119d\u0105 przetwarzane w spos\u00f3b zautomatyzowany i profilowany.<\/li><\/ol>\n\n\n\n<p>10.Przetwarzamy Pa\u0144stwa dane osobowe tylko w zakresie w jakim jest to niezb\u0119dne i dbamy o ich bezpiecze\u0144stwo.<\/p>\n\n\n\n<p>Maj\u0105 Pa\u0144stwo prawo wniesienia skargi pisemnie do administratora danych b\u0105d\u017a drog\u0105 mailow\u0105 na adres oszomega@oszomega.pl, gdy uzna Pan\/Pani, \u017ce przetwarzanie danych osobowych Pana\/Pani dotycz\u0105cych, narusza przepisy og\u00f3lnego rozporz\u0105dzenia o ochronie danych osobowych. Wiadomo\u015b\u0107 t\u0105 wysy\u0142amy jedynie w celach informacyjnych, nie jest wymagane od Pana\/Pani \u017cadne dzia\u0142anie lub kontakt z o\u015brodkiem szkoleniowym.<\/p>\n\n\n\n<p>Polityka prywatno\u015bci<\/p>\n\n\n\n<p>Poni\u017csza Polityka Cookies okre\u015bla zasady zapisywania i uzyskiwania dost\u0119pu do danych na Urz\u0105dzeniach U\u017cytkownik\u00f3w korzystaj\u0105cych z Serwisu do cel\u00f3w \u015bwiadczenia us\u0142ug drog\u0105 elektroniczn\u0105 przez Administratora Serwisu.<\/p>\n\n\n\n<p>\u00a7 1 DEFINICJE<\/p>\n\n\n\n<p>Serwis \u2013 serwis internetowy dzia\u0142aj\u0105cy pod adresem oszomega.pl\n\nSerwis zewn\u0119trzny \u2013 serwis internetowe partner\u00f3w, us\u0142ugodawc\u00f3w lub us\u0142ugobiorc\u00f3w Administratora\n\nAdministrator \u2013 O\u015brodek Szkolenia Zawodowego OMEGA s.c. z siedzib\u0105 w Zabrzu przy ul. \u015awi\u0119tego Urbana 5 lok. C reprezentowany przez Aleksandr\u0119 Dro\u017cd\u017cowicz i Damiana Cie\u015blar, \u015bwiadcz\u0105ca us\u0142ugi drog\u0105 elektroniczn\u0105 za po\u015brednictwem Serwisu oraz przechowuj\u0105ca i uzyskuj\u0105ca dost\u0119p do informacji w urz\u0105dzeniach U\u017cytkownika\n\nU\u017cytkownik \u2013 osoba fizyczna, dla kt\u00f3rej Administrator \u015bwiadczy us\u0142ugi drog\u0105 elektroniczna za po\u015brednictwem Serwisu.\n\nUrz\u0105dzenie \u2013 elektroniczne urz\u0105dzenie wraz z oprogramowaniem, za po\u015brednictwem, kt\u00f3rego U\u017cytkownik uzyskuje dost\u0119p do Serwisu\n\nCookies (ciasteczka) \u2013 dane tekstowe gromadzone w formie plik\u00f3w zamieszczanych na Urz\u0105dzeniu U\u017cytkownika<\/p>\n\n\n\n<p>\u00a7 2 RODZAJE COOKIES<\/p>\n\n\n\n<p>Cookies wewn\u0119trzne \u2013 pliki zamieszczane i odczytywane z Urz\u0105dzenia U\u017cytkownika przes system teleinformatyczny Serwisu\n\nCookies zewn\u0119trzne \u2013 pliki zamieszczane i odczytywane z Urz\u0105dzenia U\u017cytkownika przez systemy teleinformatyczne Serwis\u00f3w zewn\u0119trznych\n\nCookies sesyjne \u2013 pliki zamieszczane i odczytywane z Urz\u0105dzenia U\u017cytkownika przez Serwis lub Serwisy zewn\u0119trzne podczas jednej sesji danego Urz\u0105dzenia. Po zako\u0144czeniu sesji pliki s\u0105 usuwane z Urz\u0105dzenia U\u017cytkownika.\n\nCookies trwa\u0142e \u2013 pliki zamieszczane i odczytywane z Urz\u0105dzenia U\u017cytkownika przez Serwis lub Serwisy zewn\u0119trzne do momentu ich r\u0119cznego usuni\u0119cia. Pliki nie s\u0105 usuwane automatycznie po zako\u0144czeniu sesji Urz\u0105dzenia chyba \u017ce konfiguracja Urz\u0105dzenia U\u017cytkownika jest ustawiona na tryb usuwanie plik\u00f3w Cookie po zako\u0144czeniu sesji Urz\u0105dzenia.<\/p>\n\n\n\n<p>\u00a7 3 BEZPIECZE\u0143STWO<\/p>\n\n\n\n<p>Mechanizmy sk\u0142adowania i odczytu \u2013 Mechanizmy sk\u0142adowania i odczytu Cookies nie pozwalaj\u0105 na pobierania jakichkolwiek danych osobowych ani \u017cadnych informacji poufnych z Urz\u0105dzenia U\u017cytkownika. Przeniesienie na Urz\u0105dzenie U\u017cytkownika wirus\u00f3w, koni troja\u0144skich oraz innych robak\u00f3w jest praktycznie niemo\u017cliwe.\n\nCookie wewn\u0119trzne \u2013 zastosowane przez Administratora Cookie wewn\u0119trzne s\u0105 bezpieczne dla Urz\u0105dze\u0144 U\u017cytkownik\u00f3w\n\nCookie zewn\u0119trzne \u2013 za bezpiecze\u0144stwo plik\u00f3w Cookie pochodz\u0105cych od partner\u00f3w Serwisu Administrator nie ponosi odpowiedzialno\u015bci. Lista partner\u00f3w zamieszczona jest w dalszej cz\u0119\u015bci Polityki Cookie.<\/p>\n\n\n\n<p>\u00a7 4 CELE DO KT\u00d3RYCH WYKORZYSTYWANE S\u0104 PLIKI COOKIE<\/p>\n\n\n\n<p>Usprawnienie i u\u0142atwienie dost\u0119pu do serwisu \u2013 Administrator mo\u017ce przechowywa\u0107 w plikach Cookie informacje o preferencjach i ustawieniach u\u017cytkownika dotycz\u0105cych Serwisu aby usprawni\u0107, polepszy\u0107 i przy\u015bpieszy\u0107 \u015bwiadczenie us\u0142ug w ramach Serwisu.\n\nLogowanie \u2013 Administrator wykorzystuje pliki Cookie do cel\u00f3w logowania U\u017cytkownik\u00f3w w Serwisie\n\nDane statystyczne \u2013 Administrator oraz Serwisy zewn\u0119trzne wykorzystuje pliki Cookie do zbierania i przetwarzania danych statystycznych takich jak np. statystyki odwiedzin, statystyki Urz\u0105dze\u0144 U\u017cytkownik\u00f3w czy statystyki zachowa\u0144 u\u017cytkownik\u00f3w. Dane te zbierane s\u0105 w celu analizy i ulepszania Serwisu.<\/p>\n\n\n\n<p>\u00a7 5 SERWISY ZEWN\u0118TRZNE<\/p>\n\n\n\n<p>Administrator wsp\u00f3\u0142pracuje z nast\u0119puj\u0105cymi serwisami zewn\u0119trznymi, kt\u00f3re mog\u0105 zamieszcza\u0107 pliki Cookie na Urz\u0105dzeniach U\u017cytkownika:<\/p>\n\n\n\n<p>\u2013 Google Analytics<\/p>\n\n\n\n<p>\u00a7 6 MO\u017bLIWO\u015aCI OKRE\u015aLANIA WARUNK\u00d3W PRZECHOWYWANIA I UZYSKIWANIA DOST\u0118PU NA URZ\u0104DZENIACH U\u017bYTKOWNIKA PRZEZ SERWIS I SERWISY ZEWN\u0118TRZNE<\/p>\n\n\n\n<p>U\u017cytkownik mo\u017ce w dowolnym momencie, samodzielnie zmieni\u0107 ustawienia dotycz\u0105ce zapisywania, usuwania oraz dost\u0119pu do danych zapisanych plik\u00f3w Cookies\n\nInformacje o sposobie wy\u0142\u0105czenia plik\u00f3w Cookie w najpopularniejszych przegl\u0105darkach komputerowych i urz\u0105dze\u0144 mobilnych dost\u0119pna s\u0105 na stronie: https:\/\/jakwylaczyccookie.pl\n\nU\u017cytkownik mo\u017ce w dowolnym momencie usun\u0105\u0107 wszelkie zapisane do tej pory pliki Cookie korzystaj\u0105c z narz\u0119dzi Urz\u0105dzenia U\u017cytkownika za po\u015brednictwem kt\u00f3rego U\u017cytkownik korzysta z us\u0142ug Serwisu.<\/p>\n\n\n\n<p>\u00a7 7 WYMAGANIA SERWISU<\/p>\n\n\n\n<p>Ograniczenie zapisu i dost\u0119pu do plik\u00f3w Cookie na Urz\u0105dzeniu U\u017cytkownika mo\u017ce spowodowa\u0107 nieprawid\u0142owe dzia\u0142anie niekt\u00f3rych funkcji Serwisu.\n\nAdministrator nie ponosi \u017cadnej odpowiedzialno\u015bci za nieprawid\u0142owo dzia\u0142aj\u0105ce funkcje Serwisu w przypadku gdy U\u017cytkownik ograniczy w jakikolwiek spos\u00f3b mo\u017cliwo\u015b\u0107 zapisywania i odczytu plik\u00f3w Cookie.<\/p>\n\n\n\n<p>\u00a7 8 ZMIANY W POLITYCE COOKIE<\/p>\n\n\n\n<p>Administrator zastrzega sobie prawo do dowolnej zmiany niniejszej Polityki Cookie bez konieczno\u015bci informowania o tym u\u017cytkownik\u00f3w.\n\nWprowadzone zmiany w Polityce Cookie zawsze b\u0119d\u0105 publikowane na tej stronie.\n\nWprowadzone zmiany wchodz\u0105 w \u017cycie w dniu publikacji Polityki Cookie.<\/p>\n","protected":false},"excerpt":{"rendered":"<p>Szanowni Pa\u0144stwo,Pragniemy poinformowa\u0107, \u017ce od 25 maja 2018r.ma zastosowanie Rozporz\u0105dzenie Parlamentu Europejskiego i Rady Bezpiecze\u0144stwa (UE) 2016\/679 z dnia 27 kwietnia 2016 w sprawie ochrony os\u00f3b fizycznych w zwi\u0105zku z przetwarzaniem danych osobowych i w sprawie swobodnego przep\u0142ywu takich danych oraz uchylenie Dyrektywy 95\/46 WE (og\u00f3lne rozporz\u0105dzenie o ochronie danych) Klauzula informacyjna RODO Administratorem Pa\u0144stwa [&hellip;]<\/p>\n","protected":false},"author":5,"featured_media":0,"parent":0,"menu_order":0,"comment_status":"closed","ping_status":"closed","template":"","meta":[],"_links":{"self":[{"href":"https:\/\/www.oszomega.pl\/sklep\/wp-json\/wp\/v2\/pages\/795"}],"collection":[{"href":"https:\/\/www.oszomega.pl\/sklep\/wp-json\/wp\/v2\/pages"}],"about":[{"href":"https:\/\/www.oszomega.pl\/sklep\/wp-json\/wp\/v2\/types\/page"}],"author":[{"embeddable":true,"href":"https:\/\/www.oszomega.pl\/sklep\/wp-json\/wp\/v2\/users\/5"}],"replies":[{"embeddable":true,"href":"https:\/\/www.oszomega.pl\/sklep\/wp-json\/wp\/v2\/comments?post=795"}],"version-history":[{"count":2,"href":"https:\/\/www.oszomega.pl\/sklep\/wp-json\/wp\/v2\/pages\/795\/revisions"}],"predecessor-version":[{"id":7094,"href":"https:\/\/www.oszomega.pl\/sklep\/wp-json\/wp\/v2\/pages\/795\/revisions\/7094"}],"wp:attachment":[{"href":"https:\/\/www.oszomega.pl\/sklep\/wp-json\/wp\/v2\/media?parent=795"}],"curies":[{"name":"wp","href":"https:\/\/api.w.org\/{rel}","templated":true}]}}