{"id":8793,"date":"2026-02-22T16:23:45","date_gmt":"2026-02-22T15:23:45","guid":{"rendered":"https:\/\/www.oszomega.pl\/sklep\/?post_type=product&#038;p=8793"},"modified":"2026-03-11T18:42:23","modified_gmt":"2026-03-11T17:42:23","slug":"r290-pompa-ciepla-samsung-ehs-mono-2025r","status":"publish","type":"product","link":"https:\/\/www.oszomega.pl\/sklep\/produkt\/r290-pompa-ciepla-samsung-ehs-mono-2025r\/","title":{"rendered":"Pompa ciep\u0142a Samsung EHS MONO z wbudowan\u0105 pomp\u0105"},"content":{"rendered":"<section class=\"elementor-element elementor-element-2b4ca96 elementor-section-boxed elementor-section-height-default elementor-section-height-default elementor-section elementor-top-section\" data-id=\"2b4ca96\" data-element_type=\"section\">\n<div class=\"elementor-container elementor-column-gap-default\">\n<div class=\"elementor-row\">\n<div class=\"elementor-element elementor-element-150df7a elementor-column elementor-col-50 elementor-top-column\" data-id=\"150df7a\" data-element_type=\"column\">\n<div class=\"elementor-column-wrap elementor-element-populated\">\n<div class=\"elementor-widget-wrap\">\n<div class=\"elementor-element elementor-element-05350e5 elementor-widget elementor-widget-text-editor\" data-id=\"05350e5\" data-element_type=\"widget\" data-widget_type=\"text-editor.default\">\n<div class=\"elementor-widget-container\">\n<div class=\"elementor-text-editor elementor-clearfix\">\n<p><b>Pompa ciep\u0142a dostosowana do ogrzewania grzejnikowego\u00a0<\/b><\/p>\n<p>Starsze domy z\u00a0grzejnikami wymagaj\u0105 do skutecznego ogrzewania temperatury zasilania wynosz\u0105cej 65\u00b0C. EHS Mono R290 mo\u017ce stale dostarcza\u0107 ciep\u0142\u0105 wod\u0119 o\u00a0temperaturze do 75\u00b0C do cel\u00f3w grzewczych. Dzi\u0119ki mo\u017cliwo\u015bci dostarczania ciep\u0142ej wody u\u017cytkowej przez ca\u0142y czas EHS Mono R290 mo\u017ce stanowi\u0107 odpowiedni system grzewczy dla budynk\u00f3w ogrzewanych wcze\u015bniej w\u00a0oparciu o\u00a0kot\u0142y gazowe lub inne paliwa kopalne. Ponadto mo\u017ce dostarcza\u0107 ciep\u0142\u0105 wod\u0119 u\u017cytkow\u0105 w\u00a0temperaturze do 70\u00b0C, kiedy temperatura na zewn\u0105trz wynosi nawet -10\u00b0C, bez konieczno\u015bci wykorzystania grza\u0142ki wspomagaj\u0105cej.<\/p>\n<p><b>Cicha praca<\/b><\/p>\n<p>Zasilana przez po\u0142\u0105czenie innowacyjnych technologii redukcji ha\u0142asu jednostka EHS Mono R290 pracuje cicho przy poziomie ha\u0142asu wynosz\u0105cym nawet 35 d(BA) przy u\u017cyciu 4-stopniowego trybu cichej pracy.<\/p>\n<p><b>Niezawodne ogrzewanie<\/b><\/p>\n<p>Niekorzystne warunki pogodowe mog\u0105 mie\u0107 wp\u0142yw na \u017cywotno\u015b\u0107 i\u00a0wydajno\u015b\u0107 jednostek zewn\u0119trznych. Jednostka EHS Mono R290 jest zar\u00f3wno wytrzyma\u0142a, jak i\u00a0zdolna do efektywnej pracy w\u00a0gor\u0105cym i\u00a0zimnym \u015brodowisku. Rama i\u00a0wymiennik ciep\u0142a s\u0105 odporne na korozj\u0119; podstawa jednostki zosta\u0142a zaprojektowana tak, aby odprowadza\u0107 skroplon\u0105 wod\u0119 nawet w\u00a0najzimniejszych temperaturach i\u00a0zawiera systemy ochrony przed zamarzaniem, aby zapobiec zamarzaniu wody i\u00a0p\u0119kaniu rur.<\/p>\n<p><b>Skuteczno\u015b\u0107 podczas mroz\u00f3w<\/b><\/p>\n<p>Jednostka zewn\u0119trzna EHS Mono R290 dzia\u0142a efektywnie w\u00a0znacznie szerszym zakresie temperatur otoczenia. Konwencjonalna jednostka EHS Mono mo\u017ce generowa\u0107 ciep\u0142\u0105 wod\u0119 o\u00a0temperaturze do 65\u00b0C, gdy temperatura na zewn\u0105trz przekracza 10\u00b0C i\u00a040\u00b0C, gdy na zewn\u0105trz jest -25\u00b0C. Dla por\u00f3wnania, EHS Mono R290 zapewnia ciep\u0142\u0105 wod\u0119 o\u00a0temperaturze 70\u00b0C, gdy temperatura zewn\u0119trzna wynosi zaledwie -10\u00b0C i\u00a0mo\u017ce nawet generowa\u0107 ciep\u0142\u0105 wod\u0119 o\u00a0temperaturze do 65\u00b0C, gdy temperatura otoczenia spadnie do -30\u00b0C.<\/p>\n<p><b>Estetyczna i\u00a0nowoczesna konstrukcja<\/b><\/p>\n<p>EHS Mono R290 to zwarty i\u00a0stylowy system. Ciemnoszary kolor p\u0142ynnie wtapia si\u0119 i\u00a0uzupe\u0142nia styl wielu nowoczesnych budynk\u00f3w. Matowa, ciemnoszara pozioma kratka ochronna zakrywa wewn\u0119trzne cz\u0119\u015bci mechaniczne, dzi\u0119ki czemu wtapia si\u0119 w\u00a0otoczenie bez przyci\u0105gania uwagi. Kompaktowa konstrukcja zmie\u015bci si\u0119 idealnie pod oknem.<\/p>\n<p><b>Oszcz\u0119dzanie energii przy u\u017cyciu Sztucznej Inteligencji<\/b><\/p>\n<p>Tryb SmartThings AI Energy, gdy jest u\u017cywany przez u\u017cytkownika, mo\u017ce zapewni\u0107 u\u017cytkownikom mo\u017cliwo\u015b\u0107 oszcz\u0119dzania energii i\/lub koszt\u00f3w w\u00a0odniesieniu do zu\u017cycia ciep\u0142ej wody u\u017cytkowej w\u00a0oparciu o\u00a0(powtarzalne) wzorce u\u017cytkownika. Wymagany jest kompatybilny Samsung Climate Hub. Wszystkie oszcz\u0119dno\u015bci maj\u0105 charakter szacunkowy. Rzeczywiste oszcz\u0119dno\u015bci r\u00f3\u017cni\u0105 si\u0119 i\u00a0zale\u017c\u0105 od u\u017cytkowania, koszt\u00f3w oraz warunk\u00f3w pracy. Tryb AI Energy mo\u017ce mie\u0107 wp\u0142yw na wydajno\u015b\u0107 produktu. U\u017cytkownik mo\u017ce wy\u0142\u0105czy\u0107 tryb AI Energy w\u00a0dowolnym momencie.<\/p>\n<p><b>Sterowanie z\u00a0telefonu<\/b><\/p>\n<p>Aplikacja SmartThings umo\u017cliwia monitorowanie i\u00a0sterowanie, automatyczne podgrzewanie wst\u0119pne dzi\u0119ki funkcji geofencing, konfigurowanie procedur i\u00a0scen w\u00a0oparciu o\u00a0u\u017cytkowanie oraz sterowanie EHS Mono R290 z\u00a0dowolnego miejsca, w\u00a0kt\u00f3rym po prostu u\u017cywasz smartfona. Mo\u017cesz tak\u017ce sprawdza\u0107 i\u00a0dostosowywa\u0107 ustawienia oraz otrzymywa\u0107 powiadomienia.<\/p>\n<p><b>Ni\u017cszy potencja\u0142 tworzenia efektu cieplarnianego<\/b><\/p>\n<p>Produkt EHS Mono R290 ma o\u00a0wiele ni\u017cszy potencja\u0142 tworzenia efektu cieplarnianego (GWP) w\u00a0por\u00f3wnaniu z\u00a0innymi czynnikami ch\u0142odniczymi \u2013\u00a0wsp\u00f3\u0142czynnik wynosi zaledwie 3. Nowe regulacje UE dotycz\u0105ce gazu fluorowanego m\u00f3wi\u0105, \u017ce od 2025 r. maksymalny wsp\u00f3\u0142czynnik ocieplenia globalnego czynnik\u00f3w ch\u0142odniczych b\u0119dzie m\u00f3g\u0142 wynosi\u0107 maksymalnie 150 GWP. Dzi\u0119ki jednostkom EHS Mono R290 Samsung mo\u017ce oferowa\u0107 ulepszone, przysz\u0142o\u015bciowe rozwi\u0105zanie \u015brodowiskowe dla dom\u00f3w w\u00a0por\u00f3wnaniu z\u00a0rozwi\u0105zaniami wykorzystuj\u0105cymi inne czynniki ch\u0142odnicze. Jednostka EHS Mono R290 wykorzystuje czynnik ch\u0142odniczy R290 zamiast obecnie najbardziej popularnego czynnika R32. Z\u00a0uwagi na wykorzystanie czynnika ch\u0142odniczego R290 wewn\u0119trzne komponenty jednostki s\u0105 nieco inne ni\u017c w\u00a0przypadku standardowych pomp ciep\u0142a typu monoblok. Te zmiany u\u0142atwiaj\u0105 rozprowadzanie czynnika ch\u0142odniczego R290 po pozosta\u0142ych cz\u0119\u015bciach uk\u0142adu jednostki.<\/p>\n<p><b>Dedykowany dotykowy sterownik do Pomp Ciep\u0142a SAMSUNG.\u00a0MWR-WW10N:<\/b><\/p>\n<p><b>Cechy:<\/b><\/p>\n<ul>\n<li>Kolorowy wy\u015bwietlacz LCD 4,3&#8243;<\/li>\n<li>Prosty i intuicyjny interfejs u\u017cytkownika<\/li>\n<li>Sterowanie 2-strefowe<\/li>\n<li>Pod\u015bwietlenie LCD<\/li>\n<li>Obs\u0142uga w wielu j\u0119zykach<\/li>\n<li>Odbiornik podczerwieni jest do\u0142\u0105czony<\/li>\n<li>Tryb czasu letniego<\/li>\n<li>Wymienno\u015b\u0107 jednostek \u00b0C\/\u00b0F<\/li>\n<li>Wy\u015bwietlanie listy b\u0142\u0119d\u00f3w<\/li>\n<li>Wbudowany czujnik temperatury pomieszczenia<\/li>\n<li>Gniazdo SD<\/li>\n<li>Intuicyjny interfejs u\u017cytkownika<\/li>\n<li>Dynamiczna nawigacja dzi\u0119ki uproszczonym przyciskom<\/li>\n<li>Zakres pracy Ogrzewanie\/ch\u0142odzenie\/auto\/CWU<\/li>\n<li>Aplikacja SmartThings poprzez opcjonalny zestaw Wi-Fi 2.0<\/li>\n<\/ul>\n<p>&nbsp;<\/p>\n<p><b>Funkcje:\u00a0<\/b><\/p>\n<ul>\n<li>Wsp\u00f3\u0142praca ze Smart Grid<\/li>\n<li>wsp\u00f3\u0142praca z instalacj\u0105 fotowoltaiczn\u0105<\/li>\n<li>sterowanie 2-strefowe<\/li>\n<li>monitorowanie zu\u017cycia energii<\/li>\n<li>oszcz\u0119dzanie energii<\/li>\n<li>Inteligentna \u0142\u0105czno\u015b\u0107<\/li>\n<\/ul>\n<\/div>\n<\/div>\n<\/div>\n<\/div>\n<\/div>\n<\/div>\n<\/div>\n<\/div>\n<\/section>\n","protected":false},"excerpt":{"rendered":"<p><b>Pompa ciep\u0142a Samsung EHS MONO R290 z wbudowan\u0105 pomp\u0105<\/b><\/p>\n<p>Cena zawiera sterownik dotykowy MWR-WW10N.<\/p>\n<p>OPTYMALNA DO KASKAD<\/p>\n<p>Pompa ciep\u0142a Samsung EHS MONOto zintegrowane rozwi\u0105zanie monoblok do ogrzewania wody u\u017cytkowej i domu. Urz\u0105dzenie ogrzewa wod\u0119 u\u017cytkow\u0105 do maksymalnie 75\u00b0C. Samsung\u00a0 EHS MONO to rozwi\u0105zane polecane do modernizacji system\u00f3w grzania.<\/p>\n","protected":false},"featured_media":8800,"comment_status":"open","ping_status":"closed","template":"","meta":[],"_links":{"self":[{"href":"https:\/\/www.oszomega.pl\/sklep\/wp-json\/wp\/v2\/product\/8793"}],"collection":[{"href":"https:\/\/www.oszomega.pl\/sklep\/wp-json\/wp\/v2\/product"}],"about":[{"href":"https:\/\/www.oszomega.pl\/sklep\/wp-json\/wp\/v2\/types\/product"}],"replies":[{"embeddable":true,"href":"https:\/\/www.oszomega.pl\/sklep\/wp-json\/wp\/v2\/comments?post=8793"}],"wp:featuredmedia":[{"embeddable":true,"href":"https:\/\/www.oszomega.pl\/sklep\/wp-json\/wp\/v2\/media\/8800"}],"wp:attachment":[{"href":"https:\/\/www.oszomega.pl\/sklep\/wp-json\/wp\/v2\/media?parent=8793"}],"curies":[{"name":"wp","href":"https:\/\/api.w.org\/{rel}","templated":true}]}}