{"id":9466,"date":"2026-04-01T20:15:32","date_gmt":"2026-04-01T18:15:32","guid":{"rendered":"https:\/\/www.oszomega.pl\/sklep\/?post_type=product&#038;p=9466"},"modified":"2026-04-03T20:49:30","modified_gmt":"2026-04-03T18:49:30","slug":"klimatyzator-gree-clivia","status":"publish","type":"product","link":"https:\/\/www.oszomega.pl\/sklep\/produkt\/klimatyzator-gree-clivia\/","title":{"rendered":"Klimatyzator GREE clivia"},"content":{"rendered":"<div class=\"g-icons\"><img class=\"g-icon g-lozad g-lozad--loaded aligncenter\" src=\"https:\/\/gree.pl\/content\/uploads\/2023\/03\/ikona_gai-150x150.png\" alt=\"Technologia G-AI pozwala na oszcz\u0119dno\u015b\u0107 a\u017c do 10% energii w skali roku, co potwierdza niezale\u017cny, mi\u0119dzynarodowy certyfikat Intertek.\" data-src=\"https:\/\/gree.pl\/content\/uploads\/2023\/03\/ikona_gai-150x150.png\" data-loaded=\"true\" \/><\/div>\n<h2 class=\"g-h3 g-title\" style=\"text-align: center;\">Technologia G-AI pozwala na oszcz\u0119dno\u015b\u0107 a\u017c do 10% energii w skali roku, co potwierdza niezale\u017cny, mi\u0119dzynarodowy certyfikat Intertek.<\/h2>\n<p style=\"text-align: center;\">Innowacyjna technologia G-AI wykorzystuje algorytm sztucznej inteligencji, kt\u00f3ry \u0142\u0105czy inteligentne uczenie si\u0119 i udoskonalone zarz\u0105dzanie systemem. Algorytm dynamicznie zmienia tryb pracy klimatyzatora Clivia, aby wybra\u0107 najkorzystniejsz\u0105 strategi\u0119 energooszcz\u0119dno\u015bci.<\/p>\n<p style=\"text-align: center;\"><a href=\"https:\/\/www.oszomega.pl\/sklep\/wp-content\/uploads\/2026\/04\/Zrzut-ekranu-2026-04-1-o-20.16.50.png\"><img loading=\"lazy\" class=\"alignnone size-medium wp-image-9468\" src=\"https:\/\/www.oszomega.pl\/sklep\/wp-content\/uploads\/2026\/04\/Zrzut-ekranu-2026-04-1-o-20.16.50-300x196.png\" alt=\"\" width=\"300\" height=\"196\" srcset=\"https:\/\/www.oszomega.pl\/sklep\/wp-content\/uploads\/2026\/04\/Zrzut-ekranu-2026-04-1-o-20.16.50-300x196.png 300w, https:\/\/www.oszomega.pl\/sklep\/wp-content\/uploads\/2026\/04\/Zrzut-ekranu-2026-04-1-o-20.16.50-1024x669.png 1024w, https:\/\/www.oszomega.pl\/sklep\/wp-content\/uploads\/2026\/04\/Zrzut-ekranu-2026-04-1-o-20.16.50-768x501.png 768w, https:\/\/www.oszomega.pl\/sklep\/wp-content\/uploads\/2026\/04\/Zrzut-ekranu-2026-04-1-o-20.16.50-92x60.png 92w, https:\/\/www.oszomega.pl\/sklep\/wp-content\/uploads\/2026\/04\/Zrzut-ekranu-2026-04-1-o-20.16.50-130x85.png 130w, https:\/\/www.oszomega.pl\/sklep\/wp-content\/uploads\/2026\/04\/Zrzut-ekranu-2026-04-1-o-20.16.50-600x392.png 600w, https:\/\/www.oszomega.pl\/sklep\/wp-content\/uploads\/2026\/04\/Zrzut-ekranu-2026-04-1-o-20.16.50-150x98.png 150w, https:\/\/www.oszomega.pl\/sklep\/wp-content\/uploads\/2026\/04\/Zrzut-ekranu-2026-04-1-o-20.16.50.png 1510w\" sizes=\"(max-width: 300px) 100vw, 300px\" \/><\/a><\/p>\n<p>&nbsp;<\/p>\n<div class=\"g-column g-column--text\" style=\"text-align: center;\">\n<h2 class=\"g-h3 g-title\">Wielowymiarowa ochrona zdrowia<\/h2>\n<p>Clivia jest w stanie\u00a0<strong>oczyszcza\u0107 powietrze na cztery r\u00f3\u017cne sposoby<\/strong>. Standardowy\u00a0<strong>filtr siatkowy oraz dodatkowe filtry opcjonalne<\/strong>\u00a0wy\u0142apuj\u0105 du\u017ce zanieczyszczenia, jak kurz i py\u0142y.<strong>\u00a0Jonizator powietrza,<\/strong>\u00a0wytwarzaj\u0105c jony ujemne, pomaga zwalcza\u0107 drobnoustroje, a zamkni\u0119ta w szczelnej obudowie\u00a0<strong>lampa LED UVC<\/strong>\u00a0sterylizuje powietrze, eliminuj\u0105c z niego bakterie, wirusy, ple\u015b\u0144 i inne mikroorganizmy.<\/p>\n<div class=\"g-buttons\"><\/div>\n<\/div>\n<p style=\"text-align: center;\"><picture class=\"g-column g-column--img g-lozad g-lozad--loaded\" data-alt=\"Wielowymiarowa ochrona zdrowia\" data-loaded=\"true\"><source srcset=\"https:\/\/gree.pl\/content\/uploads\/2023\/03\/clivia_satin-black_72-dpi.png\" media=\"(min-width: 576px)\" \/><source srcset=\"https:\/\/gree.pl\/content\/uploads\/2023\/03\/clivia_satin-black_72-dpi.png\" \/><\/picture><a href=\"https:\/\/www.oszomega.pl\/sklep\/wp-content\/uploads\/2026\/04\/Zrzut-ekranu-2026-04-1-o-20.16.55.png\"><img loading=\"lazy\" class=\"alignnone size-medium wp-image-9469\" src=\"https:\/\/www.oszomega.pl\/sklep\/wp-content\/uploads\/2026\/04\/Zrzut-ekranu-2026-04-1-o-20.16.55-300x195.png\" alt=\"\" width=\"300\" height=\"195\" srcset=\"https:\/\/www.oszomega.pl\/sklep\/wp-content\/uploads\/2026\/04\/Zrzut-ekranu-2026-04-1-o-20.16.55-300x195.png 300w, https:\/\/www.oszomega.pl\/sklep\/wp-content\/uploads\/2026\/04\/Zrzut-ekranu-2026-04-1-o-20.16.55-1024x667.png 1024w, https:\/\/www.oszomega.pl\/sklep\/wp-content\/uploads\/2026\/04\/Zrzut-ekranu-2026-04-1-o-20.16.55-768x500.png 768w, https:\/\/www.oszomega.pl\/sklep\/wp-content\/uploads\/2026\/04\/Zrzut-ekranu-2026-04-1-o-20.16.55-92x60.png 92w, https:\/\/www.oszomega.pl\/sklep\/wp-content\/uploads\/2026\/04\/Zrzut-ekranu-2026-04-1-o-20.16.55-130x85.png 130w, https:\/\/www.oszomega.pl\/sklep\/wp-content\/uploads\/2026\/04\/Zrzut-ekranu-2026-04-1-o-20.16.55-600x391.png 600w, https:\/\/www.oszomega.pl\/sklep\/wp-content\/uploads\/2026\/04\/Zrzut-ekranu-2026-04-1-o-20.16.55-150x98.png 150w, https:\/\/www.oszomega.pl\/sklep\/wp-content\/uploads\/2026\/04\/Zrzut-ekranu-2026-04-1-o-20.16.55.png 1504w\" sizes=\"(max-width: 300px) 100vw, 300px\" \/><\/a><\/p>\n<h2 class=\"g-h3 g-title\" style=\"text-align: center;\">Inteligentna kontrola wilgotno\u015bci<\/h2>\n<p style=\"text-align: center;\">Po raz pierwszy Gree \u0142\u0105czy zmiany temperatury, wilgotno\u015bci i efektywno\u015bci energetycznej w taki spos\u00f3b, aby osi\u0105gn\u0105\u0107 optymalne warto\u015bci dla ka\u017cdego z tych parametr\u00f3w jednocze\u015bnie. Urz\u0105dzenie<strong>\u00a0potrafi utrzymywa\u0107 najbardziej komfortowy zakres wilgotno\u015bci powietrza w pomieszczeniu,<\/strong>\u00a0<strong>chroni\u0105c tym samym Twoj\u0105 sk\u00f3r\u0119 przed wysuszeniem.<\/strong><br \/>\nZ Clivi\u0105 nie potrzebujesz ju\u017c tak\u017ce dodatkowego pomieszczenia do suszenia ubra\u0144 dzi\u0119ki\u00a0<strong>funkcji ci\u0105g\u0142ego osuszania.<\/strong><\/p>\n<p><a href=\"https:\/\/www.oszomega.pl\/sklep\/wp-content\/uploads\/2026\/04\/Zrzut-ekranu-2026-04-1-o-20.16.59.png\"><img loading=\"lazy\" class=\"alignnone size-medium wp-image-9470 aligncenter\" src=\"https:\/\/www.oszomega.pl\/sklep\/wp-content\/uploads\/2026\/04\/Zrzut-ekranu-2026-04-1-o-20.16.59-300x196.png\" alt=\"\" width=\"300\" height=\"196\" srcset=\"https:\/\/www.oszomega.pl\/sklep\/wp-content\/uploads\/2026\/04\/Zrzut-ekranu-2026-04-1-o-20.16.59-300x196.png 300w, https:\/\/www.oszomega.pl\/sklep\/wp-content\/uploads\/2026\/04\/Zrzut-ekranu-2026-04-1-o-20.16.59-1024x668.png 1024w, https:\/\/www.oszomega.pl\/sklep\/wp-content\/uploads\/2026\/04\/Zrzut-ekranu-2026-04-1-o-20.16.59-768x501.png 768w, https:\/\/www.oszomega.pl\/sklep\/wp-content\/uploads\/2026\/04\/Zrzut-ekranu-2026-04-1-o-20.16.59-92x60.png 92w, https:\/\/www.oszomega.pl\/sklep\/wp-content\/uploads\/2026\/04\/Zrzut-ekranu-2026-04-1-o-20.16.59-130x85.png 130w, https:\/\/www.oszomega.pl\/sklep\/wp-content\/uploads\/2026\/04\/Zrzut-ekranu-2026-04-1-o-20.16.59-600x391.png 600w, https:\/\/www.oszomega.pl\/sklep\/wp-content\/uploads\/2026\/04\/Zrzut-ekranu-2026-04-1-o-20.16.59-150x98.png 150w, https:\/\/www.oszomega.pl\/sklep\/wp-content\/uploads\/2026\/04\/Zrzut-ekranu-2026-04-1-o-20.16.59.png 1500w\" sizes=\"(max-width: 300px) 100vw, 300px\" \/><\/a><\/p>\n","protected":false},"excerpt":{"rendered":"<p>W sk\u0142ad zestawu wchodzi:<\/p>\n<ul>\n<li>jednostka wewn\u0119trzna<\/li>\n<li>jednostka zewn\u0119trzna<\/li>\n<li>Pilot bezprzewodowy<\/li>\n<\/ul>\n","protected":false},"featured_media":9495,"comment_status":"open","ping_status":"closed","template":"","meta":[],"_links":{"self":[{"href":"https:\/\/www.oszomega.pl\/sklep\/wp-json\/wp\/v2\/product\/9466"}],"collection":[{"href":"https:\/\/www.oszomega.pl\/sklep\/wp-json\/wp\/v2\/product"}],"about":[{"href":"https:\/\/www.oszomega.pl\/sklep\/wp-json\/wp\/v2\/types\/product"}],"replies":[{"embeddable":true,"href":"https:\/\/www.oszomega.pl\/sklep\/wp-json\/wp\/v2\/comments?post=9466"}],"wp:featuredmedia":[{"embeddable":true,"href":"https:\/\/www.oszomega.pl\/sklep\/wp-json\/wp\/v2\/media\/9495"}],"wp:attachment":[{"href":"https:\/\/www.oszomega.pl\/sklep\/wp-json\/wp\/v2\/media?parent=9466"}],"curies":[{"name":"wp","href":"https:\/\/api.w.org\/{rel}","templated":true}]}}