{"id":9682,"date":"2026-04-12T18:19:34","date_gmt":"2026-04-12T16:19:34","guid":{"rendered":"https:\/\/www.oszomega.pl\/sklep\/?post_type=product&#038;p=9682"},"modified":"2026-04-12T18:19:44","modified_gmt":"2026-04-12T16:19:44","slug":"pompa-ciepla-gree-versati-monoblok","status":"publish","type":"product","link":"https:\/\/www.oszomega.pl\/sklep\/produkt\/pompa-ciepla-gree-versati-monoblok\/","title":{"rendered":"Pompa ciep\u0142a GREE versati monoblok"},"content":{"rendered":"<p>Pompa ciep\u0142a Gree VERSATI MONOBLOK wymaga jedynie monta\u017cu jednostki na zewn\u0105trz budynku. Pozwala to na oszcz\u0119dno\u015b\u0107 miejsca i \u0142atwiejszy monta\u017c. Pompy te realizuj\u0105 ogrzewanie niskotemperaturowe, przygotowanie ciep\u0142ej wody u\u017cytkowej i daj\u0105 mo\u017cliwo\u015b\u0107 pod\u0142\u0105czenia klimakonwektor\u00f3w.\u00a0<strong>Nowa seria pomp ciep\u0142a monoblok wyposa\u017cona zosta\u0142a w fabryczne grza\u0142ki szczytowe.<\/strong>\u00a0Dzi\u0119ki dwustopniowej regulacji mog\u0105 one wspomaga\u0107 pomp\u0119 ciep\u0142a podczas skrajnie niskich temperatur zewn\u0119trznych. Gwarantuje to ci\u0105g\u0142e i wydajne ogrzewanie budynku w ka\u017cdych warunkach.<\/p>\n<p>&nbsp;<\/p>\n<p><a href=\"https:\/\/www.oszomega.pl\/sklep\/wp-content\/uploads\/2026\/04\/Zrzut-ekranu-2026-04-12-o-18.11.36.png\"><img loading=\"lazy\" class=\"aligncenter wp-image-9686 size-large\" src=\"https:\/\/www.oszomega.pl\/sklep\/wp-content\/uploads\/2026\/04\/Zrzut-ekranu-2026-04-12-o-18.11.36-1024x208.png\" alt=\"\" width=\"1024\" height=\"208\" srcset=\"https:\/\/www.oszomega.pl\/sklep\/wp-content\/uploads\/2026\/04\/Zrzut-ekranu-2026-04-12-o-18.11.36-1024x208.png 1024w, https:\/\/www.oszomega.pl\/sklep\/wp-content\/uploads\/2026\/04\/Zrzut-ekranu-2026-04-12-o-18.11.36-300x61.png 300w, https:\/\/www.oszomega.pl\/sklep\/wp-content\/uploads\/2026\/04\/Zrzut-ekranu-2026-04-12-o-18.11.36-768x156.png 768w, https:\/\/www.oszomega.pl\/sklep\/wp-content\/uploads\/2026\/04\/Zrzut-ekranu-2026-04-12-o-18.11.36-295x60.png 295w, https:\/\/www.oszomega.pl\/sklep\/wp-content\/uploads\/2026\/04\/Zrzut-ekranu-2026-04-12-o-18.11.36-130x26.png 130w, https:\/\/www.oszomega.pl\/sklep\/wp-content\/uploads\/2026\/04\/Zrzut-ekranu-2026-04-12-o-18.11.36-600x122.png 600w, https:\/\/www.oszomega.pl\/sklep\/wp-content\/uploads\/2026\/04\/Zrzut-ekranu-2026-04-12-o-18.11.36-150x30.png 150w, https:\/\/www.oszomega.pl\/sklep\/wp-content\/uploads\/2026\/04\/Zrzut-ekranu-2026-04-12-o-18.11.36.png 1250w\" sizes=\"(max-width: 1024px) 100vw, 1024px\" \/><\/a><\/p>\n<h2 class=\"g-h3 g-title\" style=\"text-align: center;\">Oszcz\u0119dno\u015b\u0107 miejsca<\/h2>\n<p style=\"text-align: center;\">Pompy ciep\u0142a Gree Versati Monoblok\u00a0wymagaj\u0105 jedynie monta\u017cu jednostki na\u00a0zewn\u0105trz budynku. Pozwala to\u00a0na\u00a0oszcz\u0119dno\u015b\u0107 miejsca i\u00a0sprawny monta\u017c, kt\u00f3ry\u00a0mo\u017ce by\u0107 wykonany przez\u00a0podmioty nieposiadaj\u0105ce uprawnie\u0144 F-gaz.<\/p>\n<p style=\"text-align: center;\"><a href=\"https:\/\/www.oszomega.pl\/sklep\/wp-content\/uploads\/2026\/04\/Zrzut-ekranu-2026-04-12-o-18.09.24.png\"><img loading=\"lazy\" class=\"alignnone size-medium wp-image-9683\" src=\"https:\/\/www.oszomega.pl\/sklep\/wp-content\/uploads\/2026\/04\/Zrzut-ekranu-2026-04-12-o-18.09.24-300x197.png\" alt=\"\" width=\"300\" height=\"197\" srcset=\"https:\/\/www.oszomega.pl\/sklep\/wp-content\/uploads\/2026\/04\/Zrzut-ekranu-2026-04-12-o-18.09.24-300x197.png 300w, https:\/\/www.oszomega.pl\/sklep\/wp-content\/uploads\/2026\/04\/Zrzut-ekranu-2026-04-12-o-18.09.24-1024x674.png 1024w, https:\/\/www.oszomega.pl\/sklep\/wp-content\/uploads\/2026\/04\/Zrzut-ekranu-2026-04-12-o-18.09.24-768x505.png 768w, https:\/\/www.oszomega.pl\/sklep\/wp-content\/uploads\/2026\/04\/Zrzut-ekranu-2026-04-12-o-18.09.24-91x60.png 91w, https:\/\/www.oszomega.pl\/sklep\/wp-content\/uploads\/2026\/04\/Zrzut-ekranu-2026-04-12-o-18.09.24-130x86.png 130w, https:\/\/www.oszomega.pl\/sklep\/wp-content\/uploads\/2026\/04\/Zrzut-ekranu-2026-04-12-o-18.09.24-600x395.png 600w, https:\/\/www.oszomega.pl\/sklep\/wp-content\/uploads\/2026\/04\/Zrzut-ekranu-2026-04-12-o-18.09.24-150x99.png 150w, https:\/\/www.oszomega.pl\/sklep\/wp-content\/uploads\/2026\/04\/Zrzut-ekranu-2026-04-12-o-18.09.24.png 1508w\" sizes=\"(max-width: 300px) 100vw, 300px\" \/><\/a><\/p>\n<h2 class=\"g-h3 g-title\" style=\"text-align: center;\">Mo\u017cliwo\u015b\u0107 ch\u0142odzenia latem<\/h2>\n<p style=\"text-align: center;\">Dzi\u0119ki swojej konstrukcji urz\u0105dzenia umo\u017cliwiaj\u0105 nie\u00a0tylko\u00a0ogrzewanie i\u00a0przygotowanie ciep\u0142ej wody u\u017cytkowej, ale\u00a0tak\u017ce ch\u0142odzenie budynku latem. W tym celu mo\u017cna wykorzysta\u0107 instalacj\u0119 p\u0142aszczyznow\u0105 lub klimakonwektory.<\/p>\n<p style=\"text-align: center;\"><a href=\"https:\/\/www.oszomega.pl\/sklep\/wp-content\/uploads\/2026\/04\/Zrzut-ekranu-2026-04-12-o-18.09.34.png\"><img loading=\"lazy\" class=\"alignnone size-medium wp-image-9684\" src=\"https:\/\/www.oszomega.pl\/sklep\/wp-content\/uploads\/2026\/04\/Zrzut-ekranu-2026-04-12-o-18.09.34-300x195.png\" alt=\"\" width=\"300\" height=\"195\" srcset=\"https:\/\/www.oszomega.pl\/sklep\/wp-content\/uploads\/2026\/04\/Zrzut-ekranu-2026-04-12-o-18.09.34-300x195.png 300w, https:\/\/www.oszomega.pl\/sklep\/wp-content\/uploads\/2026\/04\/Zrzut-ekranu-2026-04-12-o-18.09.34-1024x666.png 1024w, https:\/\/www.oszomega.pl\/sklep\/wp-content\/uploads\/2026\/04\/Zrzut-ekranu-2026-04-12-o-18.09.34-768x500.png 768w, https:\/\/www.oszomega.pl\/sklep\/wp-content\/uploads\/2026\/04\/Zrzut-ekranu-2026-04-12-o-18.09.34-92x60.png 92w, https:\/\/www.oszomega.pl\/sklep\/wp-content\/uploads\/2026\/04\/Zrzut-ekranu-2026-04-12-o-18.09.34-130x85.png 130w, https:\/\/www.oszomega.pl\/sklep\/wp-content\/uploads\/2026\/04\/Zrzut-ekranu-2026-04-12-o-18.09.34-600x390.png 600w, https:\/\/www.oszomega.pl\/sklep\/wp-content\/uploads\/2026\/04\/Zrzut-ekranu-2026-04-12-o-18.09.34-150x98.png 150w, https:\/\/www.oszomega.pl\/sklep\/wp-content\/uploads\/2026\/04\/Zrzut-ekranu-2026-04-12-o-18.09.34.png 1512w\" sizes=\"(max-width: 300px) 100vw, 300px\" \/><\/a><\/p>\n<h2 class=\"g-h3 g-title\" style=\"text-align: center;\">Szeroki zakres temperatury<\/h2>\n<p style=\"text-align: center;\">Urz\u0105dzenia charakteryzuje szeroki zakres temperatur pracy. Pompy ciep\u0142a Gree Versati Monoblok s\u0105 w\u00a0stanie efektywnie ogrzewa\u0107 budynek i przygotowywa\u0107 ciep\u0142\u0105 wod\u0119 przy temperaturach zewn\u0119trznych nawet -25\u00b0C.<\/p>\n<p><a href=\"https:\/\/www.oszomega.pl\/sklep\/wp-content\/uploads\/2026\/04\/Zrzut-ekranu-2026-04-12-o-18.09.41.png\"><img loading=\"lazy\" class=\"alignnone size-medium wp-image-9685 aligncenter\" src=\"https:\/\/www.oszomega.pl\/sklep\/wp-content\/uploads\/2026\/04\/Zrzut-ekranu-2026-04-12-o-18.09.41-300x196.png\" alt=\"\" width=\"300\" height=\"196\" srcset=\"https:\/\/www.oszomega.pl\/sklep\/wp-content\/uploads\/2026\/04\/Zrzut-ekranu-2026-04-12-o-18.09.41-300x196.png 300w, https:\/\/www.oszomega.pl\/sklep\/wp-content\/uploads\/2026\/04\/Zrzut-ekranu-2026-04-12-o-18.09.41-1024x668.png 1024w, https:\/\/www.oszomega.pl\/sklep\/wp-content\/uploads\/2026\/04\/Zrzut-ekranu-2026-04-12-o-18.09.41-768x501.png 768w, https:\/\/www.oszomega.pl\/sklep\/wp-content\/uploads\/2026\/04\/Zrzut-ekranu-2026-04-12-o-18.09.41-92x60.png 92w, https:\/\/www.oszomega.pl\/sklep\/wp-content\/uploads\/2026\/04\/Zrzut-ekranu-2026-04-12-o-18.09.41-130x85.png 130w, https:\/\/www.oszomega.pl\/sklep\/wp-content\/uploads\/2026\/04\/Zrzut-ekranu-2026-04-12-o-18.09.41-600x391.png 600w, https:\/\/www.oszomega.pl\/sklep\/wp-content\/uploads\/2026\/04\/Zrzut-ekranu-2026-04-12-o-18.09.41-150x98.png 150w, https:\/\/www.oszomega.pl\/sklep\/wp-content\/uploads\/2026\/04\/Zrzut-ekranu-2026-04-12-o-18.09.41.png 1506w\" sizes=\"(max-width: 300px) 100vw, 300px\" \/><\/a><\/p>\n","protected":false},"excerpt":{"rendered":"<p>W sk\u0142ad zestawu wchodzi:<\/p>\n<ul>\n<li>jednostka zewn\u0119trzna<\/li>\n<li>sterownik<\/li>\n<li>czujnik temperatury pokojowej<\/li>\n<\/ul>\n","protected":false},"featured_media":9687,"comment_status":"open","ping_status":"closed","template":"","meta":[],"_links":{"self":[{"href":"https:\/\/www.oszomega.pl\/sklep\/wp-json\/wp\/v2\/product\/9682"}],"collection":[{"href":"https:\/\/www.oszomega.pl\/sklep\/wp-json\/wp\/v2\/product"}],"about":[{"href":"https:\/\/www.oszomega.pl\/sklep\/wp-json\/wp\/v2\/types\/product"}],"replies":[{"embeddable":true,"href":"https:\/\/www.oszomega.pl\/sklep\/wp-json\/wp\/v2\/comments?post=9682"}],"wp:featuredmedia":[{"embeddable":true,"href":"https:\/\/www.oszomega.pl\/sklep\/wp-json\/wp\/v2\/media\/9687"}],"wp:attachment":[{"href":"https:\/\/www.oszomega.pl\/sklep\/wp-json\/wp\/v2\/media?parent=9682"}],"curies":[{"name":"wp","href":"https:\/\/api.w.org\/{rel}","templated":true}]}}