{"id":9694,"date":"2026-04-12T18:27:51","date_gmt":"2026-04-12T16:27:51","guid":{"rendered":"https:\/\/www.oszomega.pl\/sklep\/?post_type=product&#038;p=9694"},"modified":"2026-04-12T18:30:00","modified_gmt":"2026-04-12T16:30:00","slug":"pompa-ciepla-gree-versati-split","status":"publish","type":"product","link":"https:\/\/www.oszomega.pl\/sklep\/produkt\/pompa-ciepla-gree-versati-split\/","title":{"rendered":"Pompa ciep\u0142a GREE versati split"},"content":{"rendered":"<div class=\"g-text\">\n<p>Pompa ciep\u0142a Gree VERSATI SPLIT to urz\u0105dzenie umo\u017cliwiaj\u0105ce realizacj\u0119 ogrzewania niskotemperaturowego, przygotowania ciep\u0142ej wody u\u017cytkowej oraz klimatyzacji poprzez klimakolektory. Dzi\u0119ki szerokiemu zakresowi mocy znajduj\u0105 one zastosowanie zar\u00f3wno w niewielkich budynkach mieszkalnych jak i inwestycjach komercyjnych. Wysokie parametry oraz nowoczesna konstrukcja sprawiaj\u0105, \u017ce cechuje je wyj\u0105tkowa energooszcz\u0119dno\u015b\u0107 oraz niezawodno\u015b\u0107.<\/p>\n<p>&nbsp;<\/p>\n<\/div>\n<p style=\"text-align: center;\"><a href=\"https:\/\/www.oszomega.pl\/sklep\/wp-content\/uploads\/2026\/04\/Zrzut-ekranu-2026-04-12-o-18.24.54.png\"><img loading=\"lazy\" class=\"size-large wp-image-9698 aligncenter\" src=\"https:\/\/www.oszomega.pl\/sklep\/wp-content\/uploads\/2026\/04\/Zrzut-ekranu-2026-04-12-o-18.24.54-1024x210.png\" alt=\"\" width=\"1024\" height=\"210\" srcset=\"https:\/\/www.oszomega.pl\/sklep\/wp-content\/uploads\/2026\/04\/Zrzut-ekranu-2026-04-12-o-18.24.54-1024x210.png 1024w, https:\/\/www.oszomega.pl\/sklep\/wp-content\/uploads\/2026\/04\/Zrzut-ekranu-2026-04-12-o-18.24.54-300x62.png 300w, https:\/\/www.oszomega.pl\/sklep\/wp-content\/uploads\/2026\/04\/Zrzut-ekranu-2026-04-12-o-18.24.54-768x158.png 768w, https:\/\/www.oszomega.pl\/sklep\/wp-content\/uploads\/2026\/04\/Zrzut-ekranu-2026-04-12-o-18.24.54-292x60.png 292w, https:\/\/www.oszomega.pl\/sklep\/wp-content\/uploads\/2026\/04\/Zrzut-ekranu-2026-04-12-o-18.24.54-130x27.png 130w, https:\/\/www.oszomega.pl\/sklep\/wp-content\/uploads\/2026\/04\/Zrzut-ekranu-2026-04-12-o-18.24.54-600x123.png 600w, https:\/\/www.oszomega.pl\/sklep\/wp-content\/uploads\/2026\/04\/Zrzut-ekranu-2026-04-12-o-18.24.54-150x31.png 150w, https:\/\/www.oszomega.pl\/sklep\/wp-content\/uploads\/2026\/04\/Zrzut-ekranu-2026-04-12-o-18.24.54.png 1432w\" sizes=\"(max-width: 1024px) 100vw, 1024px\" \/><\/a><\/p>\n<h2 class=\"g-h3 g-title\" style=\"text-align: center;\">Efektywno\u015b\u0107 energetyczna A+++<\/h2>\n<p style=\"text-align: center;\">Pompa ciep\u0142a Versati III Split charakteryzuje si\u0119 wysok\u0105 klas\u0105 efektywno\u015bci energetycznej A+++, co przek\u0142ada si\u0119 na\u00a0niskie zu\u017cycie energii elektrycznej. Wyr\u00f3\u017cniaj\u0105ca j\u0105 energooszcz\u0119dno\u015b\u0107 potwierdza m.in. certyfikat Eurovent.<\/p>\n<p style=\"text-align: center;\"><a href=\"https:\/\/www.oszomega.pl\/sklep\/wp-content\/uploads\/2026\/04\/Zrzut-ekranu-2026-04-12-o-18.23.43.png\"><img loading=\"lazy\" class=\"alignnone size-medium wp-image-9695\" src=\"https:\/\/www.oszomega.pl\/sklep\/wp-content\/uploads\/2026\/04\/Zrzut-ekranu-2026-04-12-o-18.23.43-300x195.png\" alt=\"\" width=\"300\" height=\"195\" srcset=\"https:\/\/www.oszomega.pl\/sklep\/wp-content\/uploads\/2026\/04\/Zrzut-ekranu-2026-04-12-o-18.23.43-300x195.png 300w, https:\/\/www.oszomega.pl\/sklep\/wp-content\/uploads\/2026\/04\/Zrzut-ekranu-2026-04-12-o-18.23.43-1024x667.png 1024w, https:\/\/www.oszomega.pl\/sklep\/wp-content\/uploads\/2026\/04\/Zrzut-ekranu-2026-04-12-o-18.23.43-768x500.png 768w, https:\/\/www.oszomega.pl\/sklep\/wp-content\/uploads\/2026\/04\/Zrzut-ekranu-2026-04-12-o-18.23.43-92x60.png 92w, https:\/\/www.oszomega.pl\/sklep\/wp-content\/uploads\/2026\/04\/Zrzut-ekranu-2026-04-12-o-18.23.43-130x85.png 130w, https:\/\/www.oszomega.pl\/sklep\/wp-content\/uploads\/2026\/04\/Zrzut-ekranu-2026-04-12-o-18.23.43-600x391.png 600w, https:\/\/www.oszomega.pl\/sklep\/wp-content\/uploads\/2026\/04\/Zrzut-ekranu-2026-04-12-o-18.23.43-150x98.png 150w, https:\/\/www.oszomega.pl\/sklep\/wp-content\/uploads\/2026\/04\/Zrzut-ekranu-2026-04-12-o-18.23.43.png 1502w\" sizes=\"(max-width: 300px) 100vw, 300px\" \/><\/a><\/p>\n<h2 class=\"g-h3 g-title\" style=\"text-align: center;\">Ogrzewanie niskotemperaturowe<\/h2>\n<p style=\"text-align: center;\">Dzi\u0119ki zastosowaniu dodatkowych grza\u0142ek szczytowych, pompy Split s\u0105 w stanie ogrzewa\u0107 pomieszczenia praktycznie w\u00a0ka\u017cdej temperaturze polskiego klimatu, umo\u017cliwiaj\u0105c realizacj\u0119 ogrzewania niskotemperaturowego.<\/p>\n<p style=\"text-align: center;\"><a href=\"https:\/\/www.oszomega.pl\/sklep\/wp-content\/uploads\/2026\/04\/Zrzut-ekranu-2026-04-12-o-18.23.47.png\"><img loading=\"lazy\" class=\"alignnone size-medium wp-image-9696\" src=\"https:\/\/www.oszomega.pl\/sklep\/wp-content\/uploads\/2026\/04\/Zrzut-ekranu-2026-04-12-o-18.23.47-300x196.png\" alt=\"\" width=\"300\" height=\"196\" srcset=\"https:\/\/www.oszomega.pl\/sklep\/wp-content\/uploads\/2026\/04\/Zrzut-ekranu-2026-04-12-o-18.23.47-300x196.png 300w, https:\/\/www.oszomega.pl\/sklep\/wp-content\/uploads\/2026\/04\/Zrzut-ekranu-2026-04-12-o-18.23.47-1024x668.png 1024w, https:\/\/www.oszomega.pl\/sklep\/wp-content\/uploads\/2026\/04\/Zrzut-ekranu-2026-04-12-o-18.23.47-768x501.png 768w, https:\/\/www.oszomega.pl\/sklep\/wp-content\/uploads\/2026\/04\/Zrzut-ekranu-2026-04-12-o-18.23.47-92x60.png 92w, https:\/\/www.oszomega.pl\/sklep\/wp-content\/uploads\/2026\/04\/Zrzut-ekranu-2026-04-12-o-18.23.47-130x85.png 130w, https:\/\/www.oszomega.pl\/sklep\/wp-content\/uploads\/2026\/04\/Zrzut-ekranu-2026-04-12-o-18.23.47-600x391.png 600w, https:\/\/www.oszomega.pl\/sklep\/wp-content\/uploads\/2026\/04\/Zrzut-ekranu-2026-04-12-o-18.23.47-150x98.png 150w, https:\/\/www.oszomega.pl\/sklep\/wp-content\/uploads\/2026\/04\/Zrzut-ekranu-2026-04-12-o-18.23.47.png 1502w\" sizes=\"(max-width: 300px) 100vw, 300px\" \/><\/a><\/p>\n<h2 class=\"g-h3 g-title\" style=\"text-align: center;\">\u0141atwa instalacja<\/h2>\n<p style=\"text-align: center;\">Versati Split jest wyposa\u017cona we wbudowany zaw\u00f3r 3-drogowy, dzi\u0119ki kt\u00f3remu mo\u017cliwa jest \u0142atwa instalacja zbiornika ciep\u0142ej wody u\u017cytkowej.<\/p>\n<p><a href=\"https:\/\/www.oszomega.pl\/sklep\/wp-content\/uploads\/2026\/04\/Zrzut-ekranu-2026-04-12-o-18.23.51.png\"><img loading=\"lazy\" class=\"alignnone size-medium wp-image-9697 aligncenter\" src=\"https:\/\/www.oszomega.pl\/sklep\/wp-content\/uploads\/2026\/04\/Zrzut-ekranu-2026-04-12-o-18.23.51-300x196.png\" alt=\"\" width=\"300\" height=\"196\" srcset=\"https:\/\/www.oszomega.pl\/sklep\/wp-content\/uploads\/2026\/04\/Zrzut-ekranu-2026-04-12-o-18.23.51-300x196.png 300w, https:\/\/www.oszomega.pl\/sklep\/wp-content\/uploads\/2026\/04\/Zrzut-ekranu-2026-04-12-o-18.23.51-1024x668.png 1024w, https:\/\/www.oszomega.pl\/sklep\/wp-content\/uploads\/2026\/04\/Zrzut-ekranu-2026-04-12-o-18.23.51-768x501.png 768w, https:\/\/www.oszomega.pl\/sklep\/wp-content\/uploads\/2026\/04\/Zrzut-ekranu-2026-04-12-o-18.23.51-92x60.png 92w, https:\/\/www.oszomega.pl\/sklep\/wp-content\/uploads\/2026\/04\/Zrzut-ekranu-2026-04-12-o-18.23.51-130x85.png 130w, https:\/\/www.oszomega.pl\/sklep\/wp-content\/uploads\/2026\/04\/Zrzut-ekranu-2026-04-12-o-18.23.51-600x392.png 600w, https:\/\/www.oszomega.pl\/sklep\/wp-content\/uploads\/2026\/04\/Zrzut-ekranu-2026-04-12-o-18.23.51-150x98.png 150w, https:\/\/www.oszomega.pl\/sklep\/wp-content\/uploads\/2026\/04\/Zrzut-ekranu-2026-04-12-o-18.23.51.png 1508w\" sizes=\"(max-width: 300px) 100vw, 300px\" \/><\/a><\/p>\n","protected":false},"excerpt":{"rendered":"<p>W sk\u0142ad zestawu wchodzi:<\/p>\n<ul>\n<li>jednostka wewn\u0119trzna<\/li>\n<li>jednostka zewn\u0119trzna<\/li>\n<li>standardowy sterownik<\/li>\n<li>czujnik temperatury pokojowej<\/li>\n<\/ul>\n","protected":false},"featured_media":9699,"comment_status":"open","ping_status":"closed","template":"","meta":[],"_links":{"self":[{"href":"https:\/\/www.oszomega.pl\/sklep\/wp-json\/wp\/v2\/product\/9694"}],"collection":[{"href":"https:\/\/www.oszomega.pl\/sklep\/wp-json\/wp\/v2\/product"}],"about":[{"href":"https:\/\/www.oszomega.pl\/sklep\/wp-json\/wp\/v2\/types\/product"}],"replies":[{"embeddable":true,"href":"https:\/\/www.oszomega.pl\/sklep\/wp-json\/wp\/v2\/comments?post=9694"}],"wp:featuredmedia":[{"embeddable":true,"href":"https:\/\/www.oszomega.pl\/sklep\/wp-json\/wp\/v2\/media\/9699"}],"wp:attachment":[{"href":"https:\/\/www.oszomega.pl\/sklep\/wp-json\/wp\/v2\/media?parent=9694"}],"curies":[{"name":"wp","href":"https:\/\/api.w.org\/{rel}","templated":true}]}}