{"id":9708,"date":"2026-04-19T17:52:33","date_gmt":"2026-04-19T15:52:33","guid":{"rendered":"https:\/\/www.oszomega.pl\/sklep\/?post_type=product&#038;p=9708"},"modified":"2026-04-19T17:53:23","modified_gmt":"2026-04-19T15:53:23","slug":"pompa-ciepla-gree-versati-split-cwu","status":"publish","type":"product","link":"https:\/\/www.oszomega.pl\/sklep\/produkt\/pompa-ciepla-gree-versati-split-cwu\/","title":{"rendered":"Pompa ciep\u0142a GREE versati split + CWU"},"content":{"rendered":"<p style=\"text-align: left;\">Pompy ciep\u0142a\u00a0<strong>Gree VERSATI All in One\u00a0<\/strong>to urz\u0105dzenia typu split z wbudowanym zasobnikiem ciep\u0142ej wody u\u017cytkowej. Zintegrowanie zbiornika z hydromudu\u0142em wewn\u0119trznym gwarantuje wygod\u0119 zar\u00f3wno doboru i monta\u017cu, jak i eksploatacji urz\u0105dzenia. Pozwala to tak\u017ce na oszcz\u0119dno\u015b\u0107 miejsca w stosunku do uk\u0142adu z zewn\u0119trznym zbiornikiem. Co wi\u0119cej, monta\u017c urz\u0105dzenia nie wymaga wykonywania dodatkowej instalacji i podzespo\u0142\u00f3w do pod\u0142\u0105czenia zasobnika.<\/p>\n<p><a href=\"https:\/\/www.oszomega.pl\/sklep\/wp-content\/uploads\/2026\/04\/Zrzut-ekranu-2026-04-19-o-17.52.59.png\"><img loading=\"lazy\" class=\"size-large wp-image-9727 aligncenter\" src=\"https:\/\/www.oszomega.pl\/sklep\/wp-content\/uploads\/2026\/04\/Zrzut-ekranu-2026-04-19-o-17.52.59-1024x175.png\" alt=\"\" width=\"1024\" height=\"175\" srcset=\"https:\/\/www.oszomega.pl\/sklep\/wp-content\/uploads\/2026\/04\/Zrzut-ekranu-2026-04-19-o-17.52.59-1024x175.png 1024w, https:\/\/www.oszomega.pl\/sklep\/wp-content\/uploads\/2026\/04\/Zrzut-ekranu-2026-04-19-o-17.52.59-300x51.png 300w, https:\/\/www.oszomega.pl\/sklep\/wp-content\/uploads\/2026\/04\/Zrzut-ekranu-2026-04-19-o-17.52.59-768x131.png 768w, https:\/\/www.oszomega.pl\/sklep\/wp-content\/uploads\/2026\/04\/Zrzut-ekranu-2026-04-19-o-17.52.59-1536x263.png 1536w, https:\/\/www.oszomega.pl\/sklep\/wp-content\/uploads\/2026\/04\/Zrzut-ekranu-2026-04-19-o-17.52.59-351x60.png 351w, https:\/\/www.oszomega.pl\/sklep\/wp-content\/uploads\/2026\/04\/Zrzut-ekranu-2026-04-19-o-17.52.59-130x22.png 130w, https:\/\/www.oszomega.pl\/sklep\/wp-content\/uploads\/2026\/04\/Zrzut-ekranu-2026-04-19-o-17.52.59-600x103.png 600w, https:\/\/www.oszomega.pl\/sklep\/wp-content\/uploads\/2026\/04\/Zrzut-ekranu-2026-04-19-o-17.52.59-150x26.png 150w, https:\/\/www.oszomega.pl\/sklep\/wp-content\/uploads\/2026\/04\/Zrzut-ekranu-2026-04-19-o-17.52.59.png 1660w\" sizes=\"(max-width: 1024px) 100vw, 1024px\" \/><\/a><\/p>\n<p>&nbsp;<\/p>\n<h2 class=\"g-h3 g-title\" style=\"text-align: center;\">Wygoda przede wszystkim<\/h2>\n<p style=\"text-align: center;\">Kompaktowe jednostki Versati All In One to urz\u0105dzenia zaprojektowane w celu jak najwi\u0119kszej oszcz\u0119dno\u015bci miejsca wewn\u0105trz budynku. Wszystkie niezb\u0119dne elementy zosta\u0142y umieszczone w jednej, estetycznej obudowie, kt\u00f3ra bez przeszk\u00f3d wkomponuje si\u0119 w nowoczesne przestrzenie. Wymiar jednostki wewn\u0119trznej to\u00a0<strong>tylko 60 x 65 cm\u00a0<\/strong>przy<strong>\u00a0180 cm<\/strong>\u00a0wysoko\u015bci. Jedna kompaktowa jednostka zapewnia\u00a0<strong>ciep\u0142\u0105 wod\u0119 u\u017cytkow\u0105\u00a0<\/strong>oraz\u00a0<strong>wod\u0119 grzewcz\u0105<\/strong>. Budowa jednostki wewn\u0119trznej pozwala na maksymalne skr\u00f3cenie czasu monta\u017cu oraz ograniczenie ilo\u015bci element\u00f3w uk\u0142adu grzewczego.<\/p>\n<p style=\"text-align: center;\"><a href=\"https:\/\/www.oszomega.pl\/sklep\/wp-content\/uploads\/2026\/04\/Zrzut-ekranu-2026-04-19-o-17.42.30.png\"><img loading=\"lazy\" class=\"alignnone wp-image-9709 size-medium\" src=\"https:\/\/www.oszomega.pl\/sklep\/wp-content\/uploads\/2026\/04\/Zrzut-ekranu-2026-04-19-o-17.42.30-300x197.png\" alt=\"\" width=\"300\" height=\"197\" srcset=\"https:\/\/www.oszomega.pl\/sklep\/wp-content\/uploads\/2026\/04\/Zrzut-ekranu-2026-04-19-o-17.42.30-300x197.png 300w, https:\/\/www.oszomega.pl\/sklep\/wp-content\/uploads\/2026\/04\/Zrzut-ekranu-2026-04-19-o-17.42.30-1024x671.png 1024w, https:\/\/www.oszomega.pl\/sklep\/wp-content\/uploads\/2026\/04\/Zrzut-ekranu-2026-04-19-o-17.42.30-768x503.png 768w, https:\/\/www.oszomega.pl\/sklep\/wp-content\/uploads\/2026\/04\/Zrzut-ekranu-2026-04-19-o-17.42.30-92x60.png 92w, https:\/\/www.oszomega.pl\/sklep\/wp-content\/uploads\/2026\/04\/Zrzut-ekranu-2026-04-19-o-17.42.30-130x85.png 130w, https:\/\/www.oszomega.pl\/sklep\/wp-content\/uploads\/2026\/04\/Zrzut-ekranu-2026-04-19-o-17.42.30-600x393.png 600w, https:\/\/www.oszomega.pl\/sklep\/wp-content\/uploads\/2026\/04\/Zrzut-ekranu-2026-04-19-o-17.42.30-150x98.png 150w, https:\/\/www.oszomega.pl\/sklep\/wp-content\/uploads\/2026\/04\/Zrzut-ekranu-2026-04-19-o-17.42.30.png 1514w\" sizes=\"(max-width: 300px) 100vw, 300px\" \/><\/a><\/p>\n<h2 class=\"g-h3 g-title\" style=\"text-align: center;\">Szeroki zakres temperatur<\/h2>\n<p style=\"text-align: center;\">Pompa ciep\u0142a Versati All In One w trybie ogrzewania pracuje niezawodnie a\u017c do -25\u00b0C. Maksymalna temperatura wody grzewczej to 60\u00b0C, a w trybie grzania CWU z wykorzystaniem grza\u0142ki elektrycznej, a\u017c 80\u00b0C.<\/p>\n<p style=\"text-align: center;\"><a href=\"https:\/\/www.oszomega.pl\/sklep\/wp-content\/uploads\/2026\/04\/Zrzut-ekranu-2026-04-19-o-17.42.37.png\"><img loading=\"lazy\" class=\"alignnone wp-image-9710 size-medium\" src=\"https:\/\/www.oszomega.pl\/sklep\/wp-content\/uploads\/2026\/04\/Zrzut-ekranu-2026-04-19-o-17.42.37-300x196.png\" alt=\"\" width=\"300\" height=\"196\" srcset=\"https:\/\/www.oszomega.pl\/sklep\/wp-content\/uploads\/2026\/04\/Zrzut-ekranu-2026-04-19-o-17.42.37-300x196.png 300w, https:\/\/www.oszomega.pl\/sklep\/wp-content\/uploads\/2026\/04\/Zrzut-ekranu-2026-04-19-o-17.42.37-1024x668.png 1024w, https:\/\/www.oszomega.pl\/sklep\/wp-content\/uploads\/2026\/04\/Zrzut-ekranu-2026-04-19-o-17.42.37-768x501.png 768w, https:\/\/www.oszomega.pl\/sklep\/wp-content\/uploads\/2026\/04\/Zrzut-ekranu-2026-04-19-o-17.42.37-92x60.png 92w, https:\/\/www.oszomega.pl\/sklep\/wp-content\/uploads\/2026\/04\/Zrzut-ekranu-2026-04-19-o-17.42.37-130x85.png 130w, https:\/\/www.oszomega.pl\/sklep\/wp-content\/uploads\/2026\/04\/Zrzut-ekranu-2026-04-19-o-17.42.37-600x391.png 600w, https:\/\/www.oszomega.pl\/sklep\/wp-content\/uploads\/2026\/04\/Zrzut-ekranu-2026-04-19-o-17.42.37-150x98.png 150w, https:\/\/www.oszomega.pl\/sklep\/wp-content\/uploads\/2026\/04\/Zrzut-ekranu-2026-04-19-o-17.42.37.png 1512w\" sizes=\"(max-width: 300px) 100vw, 300px\" \/><\/a><\/p>\n<h2 class=\"g-h3 g-title\" style=\"text-align: center;\">W trosce o Twoje zdrowie<\/h2>\n<p style=\"text-align: center;\">Elementy pompy ciep\u0142a, maj\u0105ce kontakt z wod\u0105 pitn\u0105, zosta\u0142y zabezpieczone, przez co nie oddzia\u0142uj\u0105 one na jej jako\u015b\u0107. Dodatkowo, funkcja dezynfekcji w wysokiej temperaturze pozwala zapobiega\u0107 rozwojowi bakterii i zapewnia odpowiednio \u015bwie\u017c\u0105 wod\u0119 w ka\u017cdej chwili.<\/p>\n<p><a href=\"https:\/\/www.oszomega.pl\/sklep\/wp-content\/uploads\/2026\/04\/Zrzut-ekranu-2026-04-19-o-17.42.44.png\"><img loading=\"lazy\" class=\"alignnone size-medium wp-image-9711 aligncenter\" src=\"https:\/\/www.oszomega.pl\/sklep\/wp-content\/uploads\/2026\/04\/Zrzut-ekranu-2026-04-19-o-17.42.44-300x197.png\" alt=\"\" width=\"300\" height=\"197\" srcset=\"https:\/\/www.oszomega.pl\/sklep\/wp-content\/uploads\/2026\/04\/Zrzut-ekranu-2026-04-19-o-17.42.44-300x197.png 300w, https:\/\/www.oszomega.pl\/sklep\/wp-content\/uploads\/2026\/04\/Zrzut-ekranu-2026-04-19-o-17.42.44-1024x674.png 1024w, https:\/\/www.oszomega.pl\/sklep\/wp-content\/uploads\/2026\/04\/Zrzut-ekranu-2026-04-19-o-17.42.44-768x506.png 768w, https:\/\/www.oszomega.pl\/sklep\/wp-content\/uploads\/2026\/04\/Zrzut-ekranu-2026-04-19-o-17.42.44-91x60.png 91w, https:\/\/www.oszomega.pl\/sklep\/wp-content\/uploads\/2026\/04\/Zrzut-ekranu-2026-04-19-o-17.42.44-130x86.png 130w, https:\/\/www.oszomega.pl\/sklep\/wp-content\/uploads\/2026\/04\/Zrzut-ekranu-2026-04-19-o-17.42.44-600x395.png 600w, https:\/\/www.oszomega.pl\/sklep\/wp-content\/uploads\/2026\/04\/Zrzut-ekranu-2026-04-19-o-17.42.44-150x99.png 150w, https:\/\/www.oszomega.pl\/sklep\/wp-content\/uploads\/2026\/04\/Zrzut-ekranu-2026-04-19-o-17.42.44.png 1510w\" sizes=\"(max-width: 300px) 100vw, 300px\" \/><\/a><\/p>\n","protected":false},"excerpt":{"rendered":"<p>W sk\u0142ad zestawu wchodzi:<\/p>\n<ul>\n<li>jednostka wewn\u0119trzna<\/li>\n<li>jednostka zewn\u0119trzna<\/li>\n<li>zbiornik CWU 185L<\/li>\n<li>standardowy sterownik<\/li>\n<li>czujnik temperatury pokojowej<\/li>\n<\/ul>\n","protected":false},"featured_media":9712,"comment_status":"open","ping_status":"closed","template":"","meta":[],"_links":{"self":[{"href":"https:\/\/www.oszomega.pl\/sklep\/wp-json\/wp\/v2\/product\/9708"}],"collection":[{"href":"https:\/\/www.oszomega.pl\/sklep\/wp-json\/wp\/v2\/product"}],"about":[{"href":"https:\/\/www.oszomega.pl\/sklep\/wp-json\/wp\/v2\/types\/product"}],"replies":[{"embeddable":true,"href":"https:\/\/www.oszomega.pl\/sklep\/wp-json\/wp\/v2\/comments?post=9708"}],"wp:featuredmedia":[{"embeddable":true,"href":"https:\/\/www.oszomega.pl\/sklep\/wp-json\/wp\/v2\/media\/9712"}],"wp:attachment":[{"href":"https:\/\/www.oszomega.pl\/sklep\/wp-json\/wp\/v2\/media?parent=9708"}],"curies":[{"name":"wp","href":"https:\/\/api.w.org\/{rel}","templated":true}]}}