{"id":9729,"date":"2026-04-19T18:20:16","date_gmt":"2026-04-19T16:20:16","guid":{"rendered":"https:\/\/www.oszomega.pl\/sklep\/?post_type=product&#038;p=9729"},"modified":"2026-04-19T18:27:23","modified_gmt":"2026-04-19T16:27:23","slug":"klimatyzator-olimpia-splendid-alyas","status":"publish","type":"product","link":"https:\/\/www.oszomega.pl\/sklep\/produkt\/klimatyzator-olimpia-splendid-alyas\/","title":{"rendered":"Klimatyzator OLIMPIA SPLENDID alyas"},"content":{"rendered":"<p>Klimatyzator \u015bcienny typu mono-split o wysokiej wydajno\u015bci grzewczej do zastosowa\u0144 w zimnych strefach klimatycznych. Dopuszczalna temperatura pracy wynosi -22\u00b0C. Alyas Pro E posiada\u00a0 system wielofiltrowy sk\u0142adaj\u0105cy si\u0119 z filtra elektrostatycznego przeciwpy\u0142owego i filtra z w\u0119glem aktywnym (eliminuj\u0105cego nieprzyjemne zapachy).<\/p>\n<ul>\n<li>Moc ch\u0142odnicza nominalna: 3,5 kW<\/li>\n<li>Moc grzewcza nominalna: 3,5 kW<\/li>\n<li>Technologia DC Inwerter<\/li>\n<li>Maksymalna d\u0142ugo\u015b\u0107 instalacji ch\u0142odniczej: 25 m<\/li>\n<li>Maksymalna wysoko\u015b\u0107 instalacji ch\u0142odniczej: 10 m<\/li>\n<li>Czynnik ch\u0142odniczy: R32<\/li>\n<li>Klasa energetyczna: A++\/ A+<\/li>\n<li>Zalecana temperatura pracy dla trybu ch\u0142odzenia: -15~53\u00b0C<\/li>\n<li>Zalecana temperatura pracy dla trybu grzania: -22~30\u00b0C<\/li>\n<\/ul>\n","protected":false},"excerpt":{"rendered":"<p>W sk\u0142ad zestawu wchodzi:<\/p>\n<ul>\n<li>jednostka wewn\u0119trzna<\/li>\n<li>jednostka zewn\u0119trzna<\/li>\n<li>Pilot bezprzewodowy<\/li>\n<\/ul>\n","protected":false},"featured_media":9730,"comment_status":"open","ping_status":"closed","template":"","meta":[],"_links":{"self":[{"href":"https:\/\/www.oszomega.pl\/sklep\/wp-json\/wp\/v2\/product\/9729"}],"collection":[{"href":"https:\/\/www.oszomega.pl\/sklep\/wp-json\/wp\/v2\/product"}],"about":[{"href":"https:\/\/www.oszomega.pl\/sklep\/wp-json\/wp\/v2\/types\/product"}],"replies":[{"embeddable":true,"href":"https:\/\/www.oszomega.pl\/sklep\/wp-json\/wp\/v2\/comments?post=9729"}],"wp:featuredmedia":[{"embeddable":true,"href":"https:\/\/www.oszomega.pl\/sklep\/wp-json\/wp\/v2\/media\/9730"}],"wp:attachment":[{"href":"https:\/\/www.oszomega.pl\/sklep\/wp-json\/wp\/v2\/media?parent=9729"}],"curies":[{"name":"wp","href":"https:\/\/api.w.org\/{rel}","templated":true}]}}