{"id":9732,"date":"2026-04-19T18:31:12","date_gmt":"2026-04-19T16:31:12","guid":{"rendered":"https:\/\/www.oszomega.pl\/sklep\/?post_type=product&#038;p=9732"},"modified":"2026-04-19T18:33:13","modified_gmt":"2026-04-19T16:33:13","slug":"klimatyzator-olimpia-splendid-nexya-energy","status":"publish","type":"product","link":"https:\/\/www.oszomega.pl\/sklep\/produkt\/klimatyzator-olimpia-splendid-nexya-energy\/","title":{"rendered":"Klimatyzator OLIMPIA SPLENDID nexya energy"},"content":{"rendered":"<p>&nbsp;<\/p>\n<div id=\"primary\" class=\"content-area\">\n<div class=\"content-container site-container\">\n<p>&nbsp;<\/p>\n<div id=\"product-2068\" class=\"entry content-bg entry-content-wrap product type-product post-2068 status-publish first instock product_cat-klimatyzatory-split product_tag-klima product_tag-klimatyzacja-do-biura product_tag-klimatyzacja-do-domu product_tag-klimatyzacja-split product_tag-klimatyzator product_tag-klimtyzacja has-post-thumbnail taxable shipping-taxable purchasable product-type-simple\">\n<div class=\"woocommerce-tabs wc-tabs-wrapper\">\n<div id=\"tab-description\" class=\"woocommerce-Tabs-panel woocommerce-Tabs-panel--description panel entry-content wc-tab\" role=\"tabpanel\" aria-labelledby=\"tab-title-description\">\n<p>Klimatyzator klasy premium z funkcj\u0105 jonizacji powietrza i automatyczn\u0105 sterylizacj\u0105 parownika.Trwa\u0142y i wydajny. Sprawdzony w gor\u0105cym w\u0142oskim klimacie.\u00a0 \u00a0 Przeznaczony do pracy w pomieszczeniach\u00a0 do 26m2.\u00a0 Dzi\u0119ki funkcji pompy ciep\u0142a w okresach przej\u015bciowych (wiosna,jesie\u0144)\u00a0 doskonale sprawdza si\u0119 przy dogrzewaniu mieszkania. Klasa energetyczna A++ . Najwa\u017cniejsze cechy: ekologiczny czynnik ch\u0142odniczy R32, kompresor z technologi\u0105 inwerterow\u0105,\u00a0 sterowanie pilotem i poprzez aplikacj\u0119, funkcja samoczyszczenia radiatora jednostki zewn\u0119trznej, automatyczny restart po zaniku napi\u0119cia w sieci, funkcja auto diagnostyki.<\/p>\n<\/div>\n<\/div>\n<\/div>\n<p>&nbsp;<\/p>\n<\/div>\n<\/div>\n<p>&nbsp;<\/p>\n<footer id=\"colophon\" class=\"site-footer\" role=\"contentinfo\">\n<div class=\"site-footer-wrap\">\n<div class=\"site-bottom-footer-wrap site-footer-row-container site-footer-focus-item site-footer-row-layout-contained site-footer-row-tablet-layout-contained site-footer-row-mobile-layout-standard\" data-section=\"kadence_customizer_footer_bottom\">\n<div class=\"site-footer-row-container-inner\">\n<div class=\"site-container\">\n<div class=\"site-bottom-footer-inner-wrap site-footer-row site-footer-row-columns-2 site-footer-row-column-layout-equal site-footer-row-tablet-column-layout-default site-footer-row-mobile-column-layout-row ft-ro-dir-row ft-ro-collapse-normal ft-ro-t-dir-default ft-ro-m-dir-default ft-ro-lstyle-plain\">\n<div class=\"site-footer-bottom-section-1 site-footer-section footer-section-inner-items-1\">\n<div class=\"footer-widget-area site-info site-footer-focus-item content-align-standard content-tablet-align-center content-mobile-align-center content-valign-default content-tablet-valign-default content-mobile-valign-default\" data-section=\"kadence_customizer_footer_html\">\n<div class=\"footer-widget-area-inner site-info-inner\">\n<div class=\"footer-html inner-link-style-normal\">\n<div class=\"footer-html-inner\">\n<ul>\n<li>Moc ch\u0142odnicza nominalna: 2,6 kW<\/li>\n<li>Moc grzewcza nominalna: 2,9 kW<\/li>\n<li>Technologia DC Inwerter<\/li>\n<li>Maksymalna d\u0142ugo\u015b\u0107 instalacji ch\u0142odniczej: 25 m<\/li>\n<li>Maksymalna wysoko\u015b\u0107 instalacji ch\u0142odniczej: 10 m<\/li>\n<li>Czynnik ch\u0142odniczy: R32<\/li>\n<li>Klasa energetyczna: A++\/ A+<\/li>\n<li>Zalecana temperatura pracy dla trybu ch\u0142odzenia: -15~53\u00b0C<\/li>\n<li>Zalecana temperatura pracy dla trybu grzania: -20~30\u00b0C<\/li>\n<\/ul>\n<\/div>\n<\/div>\n<\/div>\n<\/div>\n<\/div>\n<\/div>\n<\/div>\n<\/div>\n<\/div>\n<\/div>\n<\/footer>\n","protected":false},"excerpt":{"rendered":"<p>W sk\u0142ad zestawu wchodzi:<\/p>\n<ul>\n<li>jednostka wewn\u0119trzna<\/li>\n<li>jednostka zewn\u0119trzna<\/li>\n<li>Pilot bezprzewodowy<\/li>\n<\/ul>\n","protected":false},"featured_media":9730,"comment_status":"open","ping_status":"closed","template":"","meta":[],"_links":{"self":[{"href":"https:\/\/www.oszomega.pl\/sklep\/wp-json\/wp\/v2\/product\/9732"}],"collection":[{"href":"https:\/\/www.oszomega.pl\/sklep\/wp-json\/wp\/v2\/product"}],"about":[{"href":"https:\/\/www.oszomega.pl\/sklep\/wp-json\/wp\/v2\/types\/product"}],"replies":[{"embeddable":true,"href":"https:\/\/www.oszomega.pl\/sklep\/wp-json\/wp\/v2\/comments?post=9732"}],"wp:featuredmedia":[{"embeddable":true,"href":"https:\/\/www.oszomega.pl\/sklep\/wp-json\/wp\/v2\/media\/9730"}],"wp:attachment":[{"href":"https:\/\/www.oszomega.pl\/sklep\/wp-json\/wp\/v2\/media?parent=9732"}],"curies":[{"name":"wp","href":"https:\/\/api.w.org\/{rel}","templated":true}]}}